{"id":11522,"date":"2026-01-02T23:15:33","date_gmt":"2026-01-02T22:15:33","guid":{"rendered":"https:\/\/marcorosier.com\/?page_id=11522"},"modified":"2026-01-25T02:04:52","modified_gmt":"2026-01-25T01:04:52","slug":"imprint","status":"publish","type":"page","link":"https:\/\/marcorosier.com\/en\/imprint\/","title":{"rendered":"Legal Notice"},"content":{"rendered":"\t\t<div data-elementor-type=\"wp-page\" data-elementor-id=\"11522\" class=\"elementor elementor-11522\" data-elementor-post-type=\"page\">\n\t\t\t\t<div class=\"elementor-element elementor-element-69e9d3f5 e-flex e-con-boxed e-con e-parent\" data-id=\"69e9d3f5\" data-element_type=\"container\" data-settings=\"{&quot;background_background&quot;:&quot;gradient&quot;}\">\n\t\t\t\t\t<div class=\"e-con-inner\">\n\t\t\t\t<div class=\"elementor-element elementor-element-dc38cbd elementor-widget__width-initial elementor-widget elementor-widget-hfe-infocard\" data-id=\"dc38cbd\" data-element_type=\"widget\" data-widget_type=\"hfe-infocard.default\">\n\t\t\t\t<div class=\"elementor-widget-container\">\n\t\t\t\t\t\n\t\t<div class=\"hfe-infocard\">\n\t\t\t\t\t\t\t\t\t<div class=\"hfe-infocard-title-wrap\">\n\t\t\t\t<h2 class=\"hfe-infocard-title elementor-inline-editing\" data-elementor-setting-key=\"infocard_title\" data-elementor-inline-editing-toolbar=\"basic\" >Impressum<\/h2>\t\t\t<\/div>\n\t\t\t\t\t\t<div class=\"hfe-infocard-text-wrap\">\n\t\t\t\t<div class=\"hfe-infocard-text elementor-inline-editing\" data-elementor-setting-key=\"infocard_description\" data-elementor-inline-editing-toolbar=\"advanced\">\n\t\t\t\t\tVerantwortlich f\u00fcr Inhalt und Betrieb: Rosier &amp; Partner Ltd., Kimonos 25, 8250 Emba, Cyprus; Managing Director: Marco Rosier; VAT ID: CY60175465H; Kontakt: info[at]rosierpartner.com\n\n\t\t\t\t<\/div>\n\t\t\t\t\t\t\t<div class=\"hfe-button-wrapper elementor-widget-button\">\n\t\t\t\t<a href=\"#elementor-action%3Aaction%3Dpopup%3Aopen%26settings%3DeyJpZCI6IjExNTM0IiwidG9nZ2xlIjpmYWxzZX0%3D\" class=\"elementor-button-link elementor-button elementor-size-xs\">\n\t\t\t\t\t<span class=\"elementor-button-text elementor-inline-editing\"  data-elementor-setting-key=\"infocard_button_text\" data-elementor-inline-editing-toolbar=\"none\">Kontaktieren Sie uns<\/span>\n\t\t\t\t<\/a>\n\t\t\t<\/div>\n\t\t\t\t\t\t<\/div>\n\t\t<\/div>\n\n\t\t\t\t\t\t<\/div>\n\t\t\t\t<\/div>\n\t\t\t\t<div class=\"elementor-element elementor-element-4935f206 elementor-widget__width-initial elementor-widget elementor-widget-image\" data-id=\"4935f206\" data-element_type=\"widget\" data-widget_type=\"image.default\">\n\t\t\t\t<div class=\"elementor-widget-container\">\n\t\t\t\t\t\t\t\t\t\t\t\t\t\t\t<img fetchpriority=\"high\" decoding=\"async\" width=\"1024\" height=\"1024\" src=\"https:\/\/marcorosier.com\/wp-content\/uploads\/2026\/01\/4-1024x1024.png\" class=\"attachment-large size-large wp-image-11451\" alt=\"\" srcset=\"https:\/\/marcorosier.com\/wp-content\/uploads\/2026\/01\/4-1024x1024.png 1024w, https:\/\/marcorosier.com\/wp-content\/uploads\/2026\/01\/4-300x300.png 300w, https:\/\/marcorosier.com\/wp-content\/uploads\/2026\/01\/4-150x150.png 150w, https:\/\/marcorosier.com\/wp-content\/uploads\/2026\/01\/4-768x768.png 768w, https:\/\/marcorosier.com\/wp-content\/uploads\/2026\/01\/4-1536x1536.png 1536w, https:\/\/marcorosier.com\/wp-content\/uploads\/2026\/01\/4-2048x2048.png 2048w, https:\/\/marcorosier.com\/wp-content\/uploads\/2026\/01\/4-12x12.png 12w\" sizes=\"(max-width: 1024px) 100vw, 1024px\" \/>\t\t\t\t\t\t\t\t\t\t\t\t\t\t\t<\/div>\n\t\t\t\t<\/div>\n\t\t\t\t\t<\/div>\n\t\t\t\t<\/div>\n\t\t<div class=\"elementor-element elementor-element-15f997cd e-flex e-con-boxed e-con e-parent\" data-id=\"15f997cd\" data-element_type=\"container\" data-settings=\"{&quot;background_background&quot;:&quot;classic&quot;}\">\n\t\t\t\t\t<div class=\"e-con-inner\">\n\t\t<div class=\"elementor-element elementor-element-250be127 e-con-full e-flex e-con e-child\" data-id=\"250be127\" data-element_type=\"container\">\n\t\t\t\t<div class=\"elementor-element elementor-element-38425db6 elementor-widget elementor-widget-heading\" data-id=\"38425db6\" data-element_type=\"widget\" data-widget_type=\"heading.default\">\n\t\t\t\t<div class=\"elementor-widget-container\">\n\t\t\t\t\t<h2 class=\"elementor-heading-title elementor-size-default\">Haftung<\/h2>\t\t\t\t<\/div>\n\t\t\t\t<\/div>\n\t\t\t\t<div class=\"elementor-element elementor-element-4a7e1129 elementor-widget elementor-widget-text-editor\" data-id=\"4a7e1129\" data-element_type=\"widget\" data-widget_type=\"text-editor.default\">\n\t\t\t\t<div class=\"elementor-widget-container\">\n\t\t\t\t\t\t\t\t\t<p>Als Diensteanbieter sind wir f\u00fcr die eigenen Inhalte auf dieser Webseite nach den allgemeinen Gesetzen verantwortlich. Wir \u00fcbernehmen jedoch keine Haftung f\u00fcr die Inhalte externer Links; f\u00fcr deren Gestaltung sind ausschlie\u00dflich die jeweiligen Betreiber verantwortlich. Eine Verpflichtung zur proaktiven \u00dcberwachung \u00fcbermittelter oder gespeicherter fremder Informationen besteht nicht. Sobald uns konkrete Rechtsverletzungen bekannt werden, werden wir die entsprechenden Inhalte oder Verkn\u00fcpfungen umgehend entfernen. Unsere Haftung beginnt in diesem Zusammenhang erst mit dem Zeitpunkt der Kenntniserlangung einer konkreten Rechtsverletzung.<\/p>\t\t\t\t\t\t\t\t<\/div>\n\t\t\t\t<\/div>\n\t\t\t\t<\/div>\n\t\t<div class=\"elementor-element elementor-element-5e4d0c14 e-con-full e-flex e-con e-child\" data-id=\"5e4d0c14\" data-element_type=\"container\">\n\t\t\t\t<div class=\"elementor-element elementor-element-6b2eff52 elementor-widget elementor-widget-heading\" data-id=\"6b2eff52\" data-element_type=\"widget\" data-widget_type=\"heading.default\">\n\t\t\t\t<div class=\"elementor-widget-container\">\n\t\t\t\t\t<h2 class=\"elementor-heading-title elementor-size-default\">Urheberrecht<\/h2>\t\t\t\t<\/div>\n\t\t\t\t<\/div>\n\t\t\t\t<div class=\"elementor-element elementor-element-c28903a elementor-widget elementor-widget-text-editor\" data-id=\"c28903a\" data-element_type=\"widget\" data-widget_type=\"text-editor.default\">\n\t\t\t\t<div class=\"elementor-widget-container\">\n\t\t\t\t\t\t\t\t\t<p>Die auf dieser Webseite erstellten Inhalte und Werke sind die geistige Handschrift unseres Unternehmens und unterliegen dem Urheberrecht sowie internationalen Schutzabkommen. Jede Vervielf\u00e4ltigung, Bearbeitung oder Verbreitung au\u00dferhalb der gesetzlichen Grenzen bedarf unserer schriftlichen Zustimmung. Kopien sind ausschlie\u00dflich f\u00fcr den privaten, nicht-kommerziellen Gebrauch gestattet. Wir wahren konsequent die Rechte Dritter und kennzeichnen fremde Inhalte mit Sorgfalt. Sollten Sie dennoch eine Unstimmigkeit bemerken, bitten wir um einen kurzen Hinweis, damit wir die Integrit\u00e4t unserer Seiten umgehend wiederherstellen k\u00f6nnen.<\/p>\t\t\t\t\t\t\t\t<\/div>\n\t\t\t\t<\/div>\n\t\t\t\t<\/div>\n\t\t<div class=\"elementor-element elementor-element-6325988f e-con-full e-flex e-con e-child\" data-id=\"6325988f\" data-element_type=\"container\">\n\t\t\t\t<div class=\"elementor-element elementor-element-28752879 elementor-widget elementor-widget-heading\" data-id=\"28752879\" data-element_type=\"widget\" data-widget_type=\"heading.default\">\n\t\t\t\t<div class=\"elementor-widget-container\">\n\t\t\t\t\t<h2 class=\"elementor-heading-title elementor-size-default\">Online-Streitbeilegung (OS-Plattform)<\/h2>\t\t\t\t<\/div>\n\t\t\t\t<\/div>\n\t\t\t\t<div class=\"elementor-element elementor-element-71b8228 elementor-widget elementor-widget-text-editor\" data-id=\"71b8228\" data-element_type=\"widget\" data-widget_type=\"text-editor.default\">\n\t\t\t\t<div class=\"elementor-widget-container\">\n\t\t\t\t\t\t\t\t\t<p>Die Europ\u00e4ische Kommission bietet eine Plattform zur Online-Streitbeilegung (OS) an, die als zentrale Anlaufstelle f\u00fcr die au\u00dfergerichtliche Beilegung von Konflikten dient. Sie finden diesen Dienst unter https:\/\/ec.europa.eu\/consumers\/odr\/. Wir weisen darauf hin, dass wir weder bereit noch verpflichtet sind, an einem Streitbeilegungsverfahren vor einer Verbraucherschlichtungsstelle teilzunehmen. Unsere E-Mail-Adresse f\u00fcr einen direkten Dialog finden Sie jederzeit in unserem Impressum.<\/p>\t\t\t\t\t\t\t\t<\/div>\n\t\t\t\t<\/div>\n\t\t\t\t<\/div>\n\t\t\t\t\t<\/div>\n\t\t\t\t<\/div>\n\t\t<div class=\"elementor-element elementor-element-439ff51b e-flex e-con-boxed e-con e-parent\" data-id=\"439ff51b\" data-element_type=\"container\" data-settings=\"{&quot;background_background&quot;:&quot;classic&quot;}\">\n\t\t\t\t\t<div class=\"e-con-inner\">\n\t\t\t\t<div class=\"elementor-element elementor-element-340d7865 elementor-widget-divider--view-line elementor-widget elementor-widget-divider\" data-id=\"340d7865\" data-element_type=\"widget\" data-widget_type=\"divider.default\">\n\t\t\t\t<div class=\"elementor-widget-container\">\n\t\t\t\t\t\t\t<div class=\"elementor-divider\">\n\t\t\t<span class=\"elementor-divider-separator\">\n\t\t\t\t\t\t<\/span>\n\t\t<\/div>\n\t\t\t\t\t\t<\/div>\n\t\t\t\t<\/div>\n\t\t\t\t<div class=\"elementor-element elementor-element-75ca1f0c elementor-widget elementor-widget-hfe-infocard\" data-id=\"75ca1f0c\" data-element_type=\"widget\" data-widget_type=\"hfe-infocard.default\">\n\t\t\t\t<div class=\"elementor-widget-container\">\n\t\t\t\t\t\n\t\t<div class=\"hfe-infocard\">\n\t\t\t\t\t\t\t\t\t<div class=\"hfe-infocard-title-wrap\">\n\t\t\t\t<h2 class=\"hfe-infocard-title elementor-inline-editing\" data-elementor-setting-key=\"infocard_title\" data-elementor-inline-editing-toolbar=\"basic\" >Haben Sie Fragen zu uns?<\/h2>\t\t\t<\/div>\n\t\t\t\t\t\t<div class=\"hfe-infocard-text-wrap\">\n\t\t\t\t<div class=\"hfe-infocard-text elementor-inline-editing\" data-elementor-setting-key=\"infocard_description\" data-elementor-inline-editing-toolbar=\"advanced\">\n\t\t\t\t\tZ\u00f6gern Sie nicht uns zu kontaktieren.\t\t\t\t<\/div>\n\t\t\t\t\t\t\t<\/div>\n\t\t<\/div>\n\n\t\t\t\t\t\t<\/div>\n\t\t\t\t<\/div>\n\t\t\t\t\t<\/div>\n\t\t\t\t<\/div>\n\t\t\t\t<\/div>\n\t\t","protected":false},"excerpt":{"rendered":"<p>Impressum Verantwortlich f\u00fcr Inhalt und Betrieb: Rosier &amp; Partner Ltd., Kimonos 25, 8250 Emba, Cyprus; Managing Director: Marco Rosier; VAT ID: CY60175465H; Kontakt: info[at]rosierpartner.com Kontaktieren Sie uns Haftung Als Diensteanbieter sind wir f\u00fcr die eigenen Inhalte auf dieser Webseite nach den allgemeinen Gesetzen verantwortlich. Wir \u00fcbernehmen jedoch keine Haftung f\u00fcr die Inhalte externer Links; f\u00fcr [&hellip;]<\/p>\n","protected":false},"author":1,"featured_media":0,"parent":0,"menu_order":0,"comment_status":"closed","ping_status":"closed","template":"","meta":{"site-sidebar-layout":"no-sidebar","site-content-layout":"page-builder","ast-site-content-layout":"default","site-content-style":"default","site-sidebar-style":"default","ast-global-header-display":"","ast-banner-title-visibility":"","ast-main-header-display":"","ast-hfb-above-header-display":"","ast-hfb-below-header-display":"","ast-hfb-mobile-header-display":"","site-post-title":"disabled","ast-breadcrumbs-content":"","ast-featured-img":"disabled","footer-sml-layout":"","theme-transparent-header-meta":"default","adv-header-id-meta":"","stick-header-meta":"","header-above-stick-meta":"","header-main-stick-meta":"","header-below-stick-meta":"","astra-migrate-meta-layouts":"default","ast-page-background-enabled":"default","ast-page-background-meta":{"desktop":{"background-color":"","background-image":"","background-repeat":"repeat","background-position":"center center","background-size":"auto","background-attachment":"scroll","background-type":"","background-media":"","overlay-type":"","overlay-color":"","overlay-opacity":"","overlay-gradient":""},"tablet":{"background-color":"","background-image":"","background-repeat":"repeat","background-position":"center center","background-size":"auto","background-attachment":"scroll","background-type":"","background-media":"","overlay-type":"","overlay-color":"","overlay-opacity":"","overlay-gradient":""},"mobile":{"background-color":"","background-image":"","background-repeat":"repeat","background-position":"center center","background-size":"auto","background-attachment":"scroll","background-type":"","background-media":"","overlay-type":"","overlay-color":"","overlay-opacity":"","overlay-gradient":""}},"ast-content-background-meta":{"desktop":{"background-color":"var(--ast-global-color-5)","background-image":"","background-repeat":"repeat","background-position":"center center","background-size":"auto","background-attachment":"scroll","background-type":"","background-media":"","overlay-type":"","overlay-color":"","overlay-opacity":"","overlay-gradient":""},"tablet":{"background-color":"var(--ast-global-color-5)","background-image":"","background-repeat":"repeat","background-position":"center center","background-size":"auto","background-attachment":"scroll","background-type":"","background-media":"","overlay-type":"","overlay-color":"","overlay-opacity":"","overlay-gradient":""},"mobile":{"background-color":"var(--ast-global-color-5)","background-image":"","background-repeat":"repeat","background-position":"center center","background-size":"auto","background-attachment":"scroll","background-type":"","background-media":"","overlay-type":"","overlay-color":"","overlay-opacity":"","overlay-gradient":""}},"footnotes":""},"class_list":["post-11522","page","type-page","status-publish","hentry"],"_links":{"self":[{"href":"https:\/\/marcorosier.com\/en\/wp-json\/wp\/v2\/pages\/11522","targetHints":{"allow":["GET"]}}],"collection":[{"href":"https:\/\/marcorosier.com\/en\/wp-json\/wp\/v2\/pages"}],"about":[{"href":"https:\/\/marcorosier.com\/en\/wp-json\/wp\/v2\/types\/page"}],"author":[{"embeddable":true,"href":"https:\/\/marcorosier.com\/en\/wp-json\/wp\/v2\/users\/1"}],"replies":[{"embeddable":true,"href":"https:\/\/marcorosier.com\/en\/wp-json\/wp\/v2\/comments?post=11522"}],"version-history":[{"count":16,"href":"https:\/\/marcorosier.com\/en\/wp-json\/wp\/v2\/pages\/11522\/revisions"}],"predecessor-version":[{"id":11941,"href":"https:\/\/marcorosier.com\/en\/wp-json\/wp\/v2\/pages\/11522\/revisions\/11941"}],"wp:attachment":[{"href":"https:\/\/marcorosier.com\/en\/wp-json\/wp\/v2\/media?parent=11522"}],"curies":[{"name":"wp","href":"https:\/\/api.w.org\/{rel}","templated":true}]}}