{"id":5370,"date":"2022-09-10T12:50:19","date_gmt":"2022-09-10T10:50:19","guid":{"rendered":"https:\/\/marcorosier.com\/?page_id=5370"},"modified":"2026-03-30T15:50:00","modified_gmt":"2026-03-30T13:50:00","slug":"home","status":"publish","type":"page","link":"https:\/\/marcorosier.com\/en\/","title":{"rendered":"HOME"},"content":{"rendered":"<div data-elementor-type=\"wp-page\" data-elementor-id=\"5370\" class=\"elementor elementor-5370\" data-elementor-post-type=\"page\">\n\t\t\t\t<div class=\"elementor-element elementor-element-235243b e-flex e-con-boxed e-con e-parent\" data-id=\"235243b\" data-element_type=\"container\">\n\t\t\t\t\t<div class=\"e-con-inner\">\n\t\t<div class=\"elementor-element elementor-element-4a7375e e-con-full e-flex e-con e-child\" data-id=\"4a7375e\" data-element_type=\"container\" data-settings=\"{&quot;background_background&quot;:&quot;classic&quot;}\">\n\t\t\t\t<div class=\"elementor-element elementor-element-b795508 elementor-widget__width-initial elementor-widget-tablet__width-initial elementor-widget elementor-widget-hfe-infocard\" data-id=\"b795508\" data-element_type=\"widget\" data-widget_type=\"hfe-infocard.default\">\n\t\t\t\t<div class=\"elementor-widget-container\">\n\t\t\t\t\t\n\t\t<div class=\"hfe-infocard\">\n\t\t\t\t\t\t\t\t\t<div class=\"hfe-infocard-title-wrap\">\n\t\t\t\t<h2 class=\"hfe-infocard-title elementor-inline-editing\" data-elementor-setting-key=\"infocard_title\" data-elementor-inline-editing-toolbar=\"basic\" >Excellence in Engineering, Science, and Technology.<\/h2>\t\t\t<\/div>\n\t\t\t\t\t\t<div class=\"hfe-infocard-text-wrap\">\n\t\t\t\t<div class=\"hfe-infocard-text elementor-inline-editing\" data-elementor-setting-key=\"infocard_description\" data-elementor-inline-editing-toolbar=\"advanced\">\n\t\t\t\t\t<p>Complex work demands competence. The innovations of tomorrow can only be driven forward with the best talent of today. We help identify high performers and develop careers.<\/p>\t\t\t\t<\/div>\n\t\t\t\t\t\t\t<\/div>\n\t\t<\/div>\n\n\t\t\t\t\t\t<\/div>\n\t\t\t\t<\/div>\n\t\t\t\t<\/div>\n\t\t<a class=\"elementor-element elementor-element-0956013 e-con-full e-flex e-con e-child\" data-id=\"0956013\" data-element_type=\"container\" data-settings=\"{&quot;background_background&quot;:&quot;classic&quot;}\" href=\"http:\/\/marcorosier.com\/en\/professionals\/\">\n\t\t\t\t<div class=\"elementor-element elementor-element-0bda526 elementor-widget elementor-widget-heading\" data-id=\"0bda526\" data-element_type=\"widget\" data-widget_type=\"heading.default\">\n\t\t\t\t<div class=\"elementor-widget-container\">\n\t\t\t\t\t<h2 class=\"elementor-heading-title elementor-size-default\">Portal for Professionals.<\/h2>\t\t\t\t<\/div>\n\t\t\t\t<\/div>\n\t\t\t\t<div class=\"elementor-element elementor-element-0903d5d elementor-widget elementor-widget-image\" data-id=\"0903d5d\" data-element_type=\"widget\" data-widget_type=\"image.default\">\n\t\t\t\t<div class=\"elementor-widget-container\">\n\t\t\t\t\t\t\t\t\t\t\t\t\t\t\t<img fetchpriority=\"high\" decoding=\"async\" width=\"800\" height=\"200\" src=\"https:\/\/marcorosier.com\/wp-content\/uploads\/2026\/01\/Marco-Rosier-Weiss-logo-1.png\" class=\"attachment-full size-full wp-image-11787\" alt=\"\" srcset=\"https:\/\/marcorosier.com\/wp-content\/uploads\/2026\/01\/Marco-Rosier-Weiss-logo-1.png 800w, https:\/\/marcorosier.com\/wp-content\/uploads\/2026\/01\/Marco-Rosier-Weiss-logo-1-300x75.png 300w, https:\/\/marcorosier.com\/wp-content\/uploads\/2026\/01\/Marco-Rosier-Weiss-logo-1-768x192.png 768w, https:\/\/marcorosier.com\/wp-content\/uploads\/2026\/01\/Marco-Rosier-Weiss-logo-1-18x5.png 18w\" sizes=\"(max-width: 800px) 100vw, 800px\" \/>\t\t\t\t\t\t\t\t\t\t\t\t\t\t\t<\/div>\n\t\t\t\t<\/div>\n\t\t\t\t<\/a>\n\t\t<a class=\"elementor-element elementor-element-ddfd4f6 e-con-full e-flex e-con e-child\" data-id=\"ddfd4f6\" data-element_type=\"container\" data-settings=\"{&quot;background_background&quot;:&quot;classic&quot;}\" href=\"http:\/\/rosierpartner.com\" target=\"_blank\" rel=\"noopener\">\n\t\t\t\t<div class=\"elementor-element elementor-element-3c16330 elementor-widget elementor-widget-heading\" data-id=\"3c16330\" data-element_type=\"widget\" data-widget_type=\"heading.default\">\n\t\t\t\t<div class=\"elementor-widget-container\">\n\t\t\t\t\t<h2 class=\"elementor-heading-title elementor-size-default\">Portal for Businesses<\/h2>\t\t\t\t<\/div>\n\t\t\t\t<\/div>\n\t\t\t\t<div class=\"elementor-element elementor-element-3a02665 elementor-widget elementor-widget-image\" data-id=\"3a02665\" data-element_type=\"widget\" data-widget_type=\"image.default\">\n\t\t\t\t<div class=\"elementor-widget-container\">\n\t\t\t\t\t\t\t\t\t\t\t\t\t\t\t<img decoding=\"async\" width=\"800\" height=\"200\" src=\"https:\/\/marcorosier.com\/wp-content\/uploads\/2026\/01\/rosier-partner.-4.png\" class=\"attachment-full size-full wp-image-11777\" alt=\"\" srcset=\"https:\/\/marcorosier.com\/wp-content\/uploads\/2026\/01\/rosier-partner.-4.png 800w, https:\/\/marcorosier.com\/wp-content\/uploads\/2026\/01\/rosier-partner.-4-300x75.png 300w, https:\/\/marcorosier.com\/wp-content\/uploads\/2026\/01\/rosier-partner.-4-768x192.png 768w, https:\/\/marcorosier.com\/wp-content\/uploads\/2026\/01\/rosier-partner.-4-18x5.png 18w\" sizes=\"(max-width: 800px) 100vw, 800px\" \/>\t\t\t\t\t\t\t\t\t\t\t\t\t\t\t<\/div>\n\t\t\t\t<\/div>\n\t\t\t\t<\/a>\n\t\t\t\t\t<\/div>\n\t\t\t\t<\/div>\n\t\t\t\t<\/div>","protected":false},"excerpt":{"rendered":"<p>Exzellenz in Engineering, Wissenschaft und Technologie Komplexe Arbeit braucht Kompetenz. Die Innovationen von morgen lassen sich nur mit den besten Talenten von heute vorantreiben. Wir helfen, Leistungstr\u00e4ger zu finden und Karrieren zu entwickeln. Portal f\u00fcr Professionals Portal f\u00fcr Unternehmen<\/p>","protected":false},"author":1,"featured_media":0,"parent":0,"menu_order":0,"comment_status":"closed","ping_status":"closed","template":"","meta":{"site-sidebar-layout":"no-sidebar","site-content-layout":"page-builder","ast-site-content-layout":"default","site-content-style":"default","site-sidebar-style":"default","ast-global-header-display":"","ast-banner-title-visibility":"","ast-main-header-display":"","ast-hfb-above-header-display":"","ast-hfb-below-header-display":"","ast-hfb-mobile-header-display":"","site-post-title":"disabled","ast-breadcrumbs-content":"","ast-featured-img":"disabled","footer-sml-layout":"","theme-transparent-header-meta":"default","adv-header-id-meta":"","stick-header-meta":"","header-above-stick-meta":"","header-main-stick-meta":"","header-below-stick-meta":"","astra-migrate-meta-layouts":"default","ast-page-background-enabled":"default","ast-page-background-meta":{"desktop":{"background-color":"","background-image":"","background-repeat":"repeat","background-position":"center center","background-size":"auto","background-attachment":"scroll","background-type":"","background-media":"","overlay-type":"","overlay-color":"","overlay-opacity":"","overlay-gradient":""},"tablet":{"background-color":"","background-image":"","background-repeat":"repeat","background-position":"center center","background-size":"auto","background-attachment":"scroll","background-type":"","background-media":"","overlay-type":"","overlay-color":"","overlay-opacity":"","overlay-gradient":""},"mobile":{"background-color":"","background-image":"","background-repeat":"repeat","background-position":"center center","background-size":"auto","background-attachment":"scroll","background-type":"","background-media":"","overlay-type":"","overlay-color":"","overlay-opacity":"","overlay-gradient":""}},"ast-content-background-meta":{"desktop":{"background-color":"var(--ast-global-color-5)","background-image":"","background-repeat":"repeat","background-position":"center center","background-size":"auto","background-attachment":"scroll","background-type":"","background-media":"","overlay-type":"","overlay-color":"","overlay-opacity":"","overlay-gradient":""},"tablet":{"background-color":"var(--ast-global-color-5)","background-image":"","background-repeat":"repeat","background-position":"center center","background-size":"auto","background-attachment":"scroll","background-type":"","background-media":"","overlay-type":"","overlay-color":"","overlay-opacity":"","overlay-gradient":""},"mobile":{"background-color":"var(--ast-global-color-5)","background-image":"","background-repeat":"repeat","background-position":"center center","background-size":"auto","background-attachment":"scroll","background-type":"","background-media":"","overlay-type":"","overlay-color":"","overlay-opacity":"","overlay-gradient":""}},"footnotes":""},"class_list":["post-5370","page","type-page","status-publish","hentry"],"_links":{"self":[{"href":"https:\/\/marcorosier.com\/en\/wp-json\/wp\/v2\/pages\/5370","targetHints":{"allow":["GET"]}}],"collection":[{"href":"https:\/\/marcorosier.com\/en\/wp-json\/wp\/v2\/pages"}],"about":[{"href":"https:\/\/marcorosier.com\/en\/wp-json\/wp\/v2\/types\/page"}],"author":[{"embeddable":true,"href":"https:\/\/marcorosier.com\/en\/wp-json\/wp\/v2\/users\/1"}],"replies":[{"embeddable":true,"href":"https:\/\/marcorosier.com\/en\/wp-json\/wp\/v2\/comments?post=5370"}],"version-history":[{"count":609,"href":"https:\/\/marcorosier.com\/en\/wp-json\/wp\/v2\/pages\/5370\/revisions"}],"predecessor-version":[{"id":12145,"href":"https:\/\/marcorosier.com\/en\/wp-json\/wp\/v2\/pages\/5370\/revisions\/12145"}],"wp:attachment":[{"href":"https:\/\/marcorosier.com\/en\/wp-json\/wp\/v2\/media?parent=5370"}],"curies":[{"name":"wp","href":"https:\/\/api.w.org\/{rel}","templated":true}]}}